{"id":7122,"date":"2014-02-17T12:01:19","date_gmt":"2014-02-17T11:01:19","guid":{"rendered":"http:\/\/www.allia-europe.com\/?page_id=7122"},"modified":"2014-08-19T14:53:44","modified_gmt":"2014-08-19T13:53:44","slug":"our-markets","status":"publish","type":"page","link":"https:\/\/www.allia-europe.com\/en\/our-markets\/","title":{"rendered":"Our markets"},"content":{"rendered":"","protected":false},"excerpt":{"rendered":"","protected":false},"author":6,"featured_media":6711,"parent":0,"menu_order":0,"comment_status":"closed","ping_status":"closed","template":"","meta":{"footnotes":""},"class_list":["post-7122","page","type-page","status-publish","has-post-thumbnail","hentry"],"yoast_head":"<!-- This site is optimized with the Yoast SEO plugin v27.5 - https:\/\/yoast.com\/product\/yoast-seo-wordpress\/ -->\n<title>Our markets | AlliA Europe<\/title>\n<meta name=\"description\" content=\"Designer and constructor in the following markets : Nuclear, Petrochemicals and chemistry , Oil and Gas, Cosmetics and fine chemicals, Thermal and Renewable Energy, Pharmacy\" \/>\n<meta name=\"robots\" content=\"index, follow, max-snippet:-1, max-image-preview:large, max-video-preview:-1\" \/>\n<link rel=\"canonical\" href=\"https:\/\/www.allia-europe.com\/en\/our-markets\/\" \/>\n<meta property=\"og:locale\" content=\"en_US\" \/>\n<meta property=\"og:type\" content=\"article\" \/>\n<meta property=\"og:title\" content=\"Our markets | AlliA Europe\" \/>\n<meta property=\"og:description\" content=\"Designer and constructor in the following markets : Nuclear, Petrochemicals and chemistry , Oil and Gas, Cosmetics and fine chemicals, Thermal and Renewable Energy, Pharmacy\" \/>\n<meta property=\"og:url\" content=\"https:\/\/www.allia-europe.com\/en\/our-markets\/\" \/>\n<meta property=\"og:site_name\" content=\"Allia Europe\" \/>\n<meta property=\"article:modified_time\" content=\"2014-08-19T13:53:44+00:00\" \/>\n<meta property=\"og:image\" content=\"https:\/\/www.allia-europe.com\/wp-content\/uploads\/2014\/01\/3-R\u00e9cup\u00e9r\u00e9.png\" \/>\n\t<meta property=\"og:image:width\" content=\"459\" \/>\n\t<meta property=\"og:image:height\" content=\"300\" \/>\n\t<meta property=\"og:image:type\" content=\"image\/png\" \/>\n<script type=\"application\/ld+json\" class=\"yoast-schema-graph\">{\"@context\":\"https:\\\/\\\/schema.org\",\"@graph\":[{\"@type\":\"WebPage\",\"@id\":\"https:\\\/\\\/www.allia-europe.com\\\/en\\\/our-markets\\\/\",\"url\":\"https:\\\/\\\/www.allia-europe.com\\\/en\\\/our-markets\\\/\",\"name\":\"Our markets | AlliA Europe\",\"isPartOf\":{\"@id\":\"https:\\\/\\\/www.allia-europe.com\\\/#website\"},\"primaryImageOfPage\":{\"@id\":\"https:\\\/\\\/www.allia-europe.com\\\/en\\\/our-markets\\\/#primaryimage\"},\"image\":{\"@id\":\"https:\\\/\\\/www.allia-europe.com\\\/en\\\/our-markets\\\/#primaryimage\"},\"thumbnailUrl\":\"https:\\\/\\\/www.allia-europe.com\\\/wp-content\\\/uploads\\\/2014\\\/01\\\/3-R\u00e9cup\u00e9r\u00e9.png\",\"datePublished\":\"2014-02-17T11:01:19+00:00\",\"dateModified\":\"2014-08-19T13:53:44+00:00\",\"description\":\"Designer and constructor in the following markets : Nuclear, Petrochemicals and chemistry , Oil and Gas, Cosmetics and fine chemicals, Thermal and Renewable Energy, Pharmacy\",\"breadcrumb\":{\"@id\":\"https:\\\/\\\/www.allia-europe.com\\\/en\\\/our-markets\\\/#breadcrumb\"},\"inLanguage\":\"en-US\",\"potentialAction\":[{\"@type\":\"ReadAction\",\"target\":[\"https:\\\/\\\/www.allia-europe.com\\\/en\\\/our-markets\\\/\"]}]},{\"@type\":\"ImageObject\",\"inLanguage\":\"en-US\",\"@id\":\"https:\\\/\\\/www.allia-europe.com\\\/en\\\/our-markets\\\/#primaryimage\",\"url\":\"https:\\\/\\\/www.allia-europe.com\\\/wp-content\\\/uploads\\\/2014\\\/01\\\/3-R\u00e9cup\u00e9r\u00e9.png\",\"contentUrl\":\"https:\\\/\\\/www.allia-europe.com\\\/wp-content\\\/uploads\\\/2014\\\/01\\\/3-R\u00e9cup\u00e9r\u00e9.png\",\"width\":459,\"height\":300},{\"@type\":\"BreadcrumbList\",\"@id\":\"https:\\\/\\\/www.allia-europe.com\\\/en\\\/our-markets\\\/#breadcrumb\",\"itemListElement\":[{\"@type\":\"ListItem\",\"position\":1,\"name\":\"Home\",\"item\":\"https:\\\/\\\/www.allia-europe.com\\\/en\\\/\"},{\"@type\":\"ListItem\",\"position\":2,\"name\":\"Our markets\"}]},{\"@type\":\"WebSite\",\"@id\":\"https:\\\/\\\/www.allia-europe.com\\\/#website\",\"url\":\"https:\\\/\\\/www.allia-europe.com\\\/\",\"name\":\"Allia Europe\",\"description\":\"Concepteur - Constructeur\",\"potentialAction\":[{\"@type\":\"SearchAction\",\"target\":{\"@type\":\"EntryPoint\",\"urlTemplate\":\"https:\\\/\\\/www.allia-europe.com\\\/?s={search_term_string}\"},\"query-input\":{\"@type\":\"PropertyValueSpecification\",\"valueRequired\":true,\"valueName\":\"search_term_string\"}}],\"inLanguage\":\"en-US\"}]}<\/script>\n<!-- \/ Yoast SEO plugin. -->","yoast_head_json":{"title":"Our markets | AlliA Europe","description":"Designer and constructor in the following markets : Nuclear, Petrochemicals and chemistry , Oil and Gas, Cosmetics and fine chemicals, Thermal and Renewable Energy, Pharmacy","robots":{"index":"index","follow":"follow","max-snippet":"max-snippet:-1","max-image-preview":"max-image-preview:large","max-video-preview":"max-video-preview:-1"},"canonical":"https:\/\/www.allia-europe.com\/en\/our-markets\/","og_locale":"en_US","og_type":"article","og_title":"Our markets | AlliA Europe","og_description":"Designer and constructor in the following markets : Nuclear, Petrochemicals and chemistry , Oil and Gas, Cosmetics and fine chemicals, Thermal and Renewable Energy, Pharmacy","og_url":"https:\/\/www.allia-europe.com\/en\/our-markets\/","og_site_name":"Allia Europe","article_modified_time":"2014-08-19T13:53:44+00:00","og_image":[{"width":459,"height":300,"url":"https:\/\/www.allia-europe.com\/wp-content\/uploads\/2014\/01\/3-R\u00e9cup\u00e9r\u00e9.png","type":"image\/png"}],"schema":{"@context":"https:\/\/schema.org","@graph":[{"@type":"WebPage","@id":"https:\/\/www.allia-europe.com\/en\/our-markets\/","url":"https:\/\/www.allia-europe.com\/en\/our-markets\/","name":"Our markets | AlliA Europe","isPartOf":{"@id":"https:\/\/www.allia-europe.com\/#website"},"primaryImageOfPage":{"@id":"https:\/\/www.allia-europe.com\/en\/our-markets\/#primaryimage"},"image":{"@id":"https:\/\/www.allia-europe.com\/en\/our-markets\/#primaryimage"},"thumbnailUrl":"https:\/\/www.allia-europe.com\/wp-content\/uploads\/2014\/01\/3-R\u00e9cup\u00e9r\u00e9.png","datePublished":"2014-02-17T11:01:19+00:00","dateModified":"2014-08-19T13:53:44+00:00","description":"Designer and constructor in the following markets : Nuclear, Petrochemicals and chemistry , Oil and Gas, Cosmetics and fine chemicals, Thermal and Renewable Energy, Pharmacy","breadcrumb":{"@id":"https:\/\/www.allia-europe.com\/en\/our-markets\/#breadcrumb"},"inLanguage":"en-US","potentialAction":[{"@type":"ReadAction","target":["https:\/\/www.allia-europe.com\/en\/our-markets\/"]}]},{"@type":"ImageObject","inLanguage":"en-US","@id":"https:\/\/www.allia-europe.com\/en\/our-markets\/#primaryimage","url":"https:\/\/www.allia-europe.com\/wp-content\/uploads\/2014\/01\/3-R\u00e9cup\u00e9r\u00e9.png","contentUrl":"https:\/\/www.allia-europe.com\/wp-content\/uploads\/2014\/01\/3-R\u00e9cup\u00e9r\u00e9.png","width":459,"height":300},{"@type":"BreadcrumbList","@id":"https:\/\/www.allia-europe.com\/en\/our-markets\/#breadcrumb","itemListElement":[{"@type":"ListItem","position":1,"name":"Home","item":"https:\/\/www.allia-europe.com\/en\/"},{"@type":"ListItem","position":2,"name":"Our markets"}]},{"@type":"WebSite","@id":"https:\/\/www.allia-europe.com\/#website","url":"https:\/\/www.allia-europe.com\/","name":"Allia Europe","description":"Concepteur - Constructeur","potentialAction":[{"@type":"SearchAction","target":{"@type":"EntryPoint","urlTemplate":"https:\/\/www.allia-europe.com\/?s={search_term_string}"},"query-input":{"@type":"PropertyValueSpecification","valueRequired":true,"valueName":"search_term_string"}}],"inLanguage":"en-US"}]}},"_links":{"self":[{"href":"https:\/\/www.allia-europe.com\/en\/wp-json\/wp\/v2\/pages\/7122","targetHints":{"allow":["GET"]}}],"collection":[{"href":"https:\/\/www.allia-europe.com\/en\/wp-json\/wp\/v2\/pages"}],"about":[{"href":"https:\/\/www.allia-europe.com\/en\/wp-json\/wp\/v2\/types\/page"}],"author":[{"embeddable":true,"href":"https:\/\/www.allia-europe.com\/en\/wp-json\/wp\/v2\/users\/6"}],"replies":[{"embeddable":true,"href":"https:\/\/www.allia-europe.com\/en\/wp-json\/wp\/v2\/comments?post=7122"}],"version-history":[{"count":1,"href":"https:\/\/www.allia-europe.com\/en\/wp-json\/wp\/v2\/pages\/7122\/revisions"}],"predecessor-version":[{"id":7159,"href":"https:\/\/www.allia-europe.com\/en\/wp-json\/wp\/v2\/pages\/7122\/revisions\/7159"}],"wp:featuredmedia":[{"embeddable":true,"href":"https:\/\/www.allia-europe.com\/en\/wp-json\/wp\/v2\/media\/6711"}],"wp:attachment":[{"href":"https:\/\/www.allia-europe.com\/en\/wp-json\/wp\/v2\/media?parent=7122"}],"curies":[{"name":"wp","href":"https:\/\/api.w.org\/{rel}","templated":true}]}}